{"id":1337,"date":"2024-10-10T14:59:00","date_gmt":"2024-10-10T20:59:00","guid":{"rendered":"https:\/\/www.chocolatemetiche.com\/?post_type=product&#038;p=1337"},"modified":"2026-01-26T10:02:01","modified_gmt":"2026-01-26T16:02:01","slug":"70-cacao-y-birote-salado","status":"publish","type":"product","link":"https:\/\/www.chocolatemetiche.com\/en\/product\/70-cacao-y-birote-salado","title":{"rendered":"70% CACAO &#038; BIROTE SALADO"},"content":{"rendered":"","protected":false},"excerpt":{"rendered":"<p>Para los que no saben, el birote salado es un pan ic\u00f3nico de la regi\u00f3n de Jalisco (fuera de aqu\u00ed en realidad no lo encuentras y es una de las razones por la cu\u00e1l los tapat\u00edos extra\u00f1an tanto Guadalajara cuando se apartan de ella).<\/p>\n<p>En Guadalajara, disfrutamos del birote en las tortas ahogadas, en los molletes, con crema, sin crema\u2026<br \/>\nY se nos ocurri\u00f3, \u00bfPorqu\u00e9 no \u201cchopear\u201d el birote en nuestro chocolate?<br \/>\nEl resultado fue tan gozoso que lo tuvimos que traducir a una chocolate, as\u00ed que les presentamos a nuestra barra con birote salado.<\/p>\n<p>El chocolate es un 70% cacao criollo del Soconusco,Chiapas.<br \/>\nDescubrimos que lo c\u00edtrico del cacao combina incre\u00edble con lo \u201cacidito\u201d del birote salado\u2026<br \/>\nEl toque final se lo da lo crujiente de la costra del pan.<\/p>","protected":false},"featured_media":1338,"comment_status":"open","ping_status":"closed","template":"","meta":{"_et_pb_use_builder":"","_et_pb_old_content":"","_et_gb_content_width":"","_joinchat":[]},"product_cat":[21],"product_tag":[],"class_list":{"0":"post-1337","1":"product","2":"type-product","3":"status-publish","4":"has-post-thumbnail","6":"product_cat-chocolates","8":"first","9":"instock","10":"shipping-taxable","11":"purchasable","12":"product-type-simple"},"_links":{"self":[{"href":"https:\/\/www.chocolatemetiche.com\/en\/wp-json\/wp\/v2\/product\/1337","targetHints":{"allow":["GET"]}}],"collection":[{"href":"https:\/\/www.chocolatemetiche.com\/en\/wp-json\/wp\/v2\/product"}],"about":[{"href":"https:\/\/www.chocolatemetiche.com\/en\/wp-json\/wp\/v2\/types\/product"}],"replies":[{"embeddable":true,"href":"https:\/\/www.chocolatemetiche.com\/en\/wp-json\/wp\/v2\/comments?post=1337"}],"wp:featuredmedia":[{"embeddable":true,"href":"https:\/\/www.chocolatemetiche.com\/en\/wp-json\/wp\/v2\/media\/1338"}],"wp:attachment":[{"href":"https:\/\/www.chocolatemetiche.com\/en\/wp-json\/wp\/v2\/media?parent=1337"}],"wp:term":[{"taxonomy":"product_cat","embeddable":true,"href":"https:\/\/www.chocolatemetiche.com\/en\/wp-json\/wp\/v2\/product_cat?post=1337"},{"taxonomy":"product_tag","embeddable":true,"href":"https:\/\/www.chocolatemetiche.com\/en\/wp-json\/wp\/v2\/product_tag?post=1337"}],"curies":[{"name":"wp","href":"https:\/\/api.w.org\/{rel}","templated":true}]}}