{"id":1416,"date":"2025-01-29T11:38:02","date_gmt":"2025-01-29T17:38:02","guid":{"rendered":"https:\/\/www.chocolatemetiche.com\/?post_type=product&#038;p=1416"},"modified":"2026-03-03T12:44:19","modified_gmt":"2026-03-03T18:44:19","slug":"macadamias-y-chocolate-72-cacao","status":"publish","type":"product","link":"https:\/\/www.chocolatemetiche.com\/en\/product\/macadamias-y-chocolate-72-cacao","title":{"rendered":"Macadamias y chocolate 72% cacao"},"content":{"rendered":"","protected":false},"excerpt":{"rendered":"<p>Macadamias de Tlalnelhuayocan,Veracruz cubiertas en nuestro chocolate 72% cacao de la region de frontera Hidalgo en Chiapas.<\/p>\n<p>El colectivo de productores de macadamias con los que trabajamos, siembran en cultivos diversificidados de traspatio, generando una alternativa de ingresos para esta comunidad.<\/p>\n<p>La cosecha inicia en septiembre y termina de caer la \u00faltima nuez en abril.<\/p>\n<p>Despu\u00e9s de cosechar inicia el proceso de secado, quebrado y selecci\u00f3n de nueces, este proceso se realiza principalmente por mujeres de la regi\u00f3n, y les brinda un ingreso adicional.<\/p>\n<p>&nbsp;<\/p>\n<p>*Does NOT contain dairy<br \/>\n*Suitable for vegans<\/p>\n<p>May contain traces of wheat, soy, milk, tree nuts, egg and peanuts<\/p>","protected":false},"featured_media":1417,"comment_status":"open","ping_status":"closed","template":"","meta":{"_et_pb_use_builder":"","_et_pb_old_content":"","_et_gb_content_width":"","_joinchat":[]},"product_cat":[21],"product_tag":[],"class_list":{"0":"post-1416","1":"product","2":"type-product","3":"status-publish","4":"has-post-thumbnail","6":"product_cat-chocolates","8":"first","9":"instock","10":"shipping-taxable","11":"purchasable","12":"product-type-simple"},"_links":{"self":[{"href":"https:\/\/www.chocolatemetiche.com\/en\/wp-json\/wp\/v2\/product\/1416","targetHints":{"allow":["GET"]}}],"collection":[{"href":"https:\/\/www.chocolatemetiche.com\/en\/wp-json\/wp\/v2\/product"}],"about":[{"href":"https:\/\/www.chocolatemetiche.com\/en\/wp-json\/wp\/v2\/types\/product"}],"replies":[{"embeddable":true,"href":"https:\/\/www.chocolatemetiche.com\/en\/wp-json\/wp\/v2\/comments?post=1416"}],"wp:featuredmedia":[{"embeddable":true,"href":"https:\/\/www.chocolatemetiche.com\/en\/wp-json\/wp\/v2\/media\/1417"}],"wp:attachment":[{"href":"https:\/\/www.chocolatemetiche.com\/en\/wp-json\/wp\/v2\/media?parent=1416"}],"wp:term":[{"taxonomy":"product_cat","embeddable":true,"href":"https:\/\/www.chocolatemetiche.com\/en\/wp-json\/wp\/v2\/product_cat?post=1416"},{"taxonomy":"product_tag","embeddable":true,"href":"https:\/\/www.chocolatemetiche.com\/en\/wp-json\/wp\/v2\/product_tag?post=1416"}],"curies":[{"name":"wp","href":"https:\/\/api.w.org\/{rel}","templated":true}]}}