{"id":543,"date":"2023-01-19T18:41:01","date_gmt":"2023-01-20T00:41:01","guid":{"rendered":"https:\/\/www.chocolatemetiche.com\/?post_type=product&#038;p=543"},"modified":"2026-04-29T11:00:51","modified_gmt":"2026-04-29T17:00:51","slug":"67-cacao-criollo","status":"publish","type":"product","link":"https:\/\/www.chocolatemetiche.com\/en\/product\/67-cacao-criollo","title":{"rendered":"67% CACAO   DE &#8220;DON EDER&#8221;    OR\u00cdGEN"},"content":{"rendered":"<p>Don Eder es un productor muy especial que se encuentra en Tapachula, Chiapas&#8230; Don Eder se encarga de fermentar y secar el grano que usamos para este cacao.<\/p>\n<p>El grano de cacao de don Eder despu\u00e9s de fermentarse por varios d\u00edas, lo deja remojar en el miso jugo se este cacao, y nuevamente lo seca al sol, as\u00ed, el sabor se intensifica.<\/p>\n<p>Este chocolate es exquisito. Tiene notas a maracuy\u00e1, pi\u00f1a, ciruela amarilla y pl\u00e1tano.<\/p>","protected":false},"excerpt":{"rendered":"<h4><strong>Chocolate Bar 70g (2.5oz)<\/strong><\/h4>\n<p><strong>Ingredients:<\/strong> Cacao, manteca de cacao, az\u00facar de ca\u00f1a.<br \/>\n<strong>Region of the bean:<\/strong> Finca de \u201cDon Eder\u201d Soconusco, Chiapas, M\u00e9xico.<br \/>\n<strong>Type of bean:<\/strong> Criollo.<\/p>\n<p>Criollo cacao is the rarest variety of cacao in Mexico, but it is also one of the most exquisite. The beans in this bar were harvested and fermented by our dear friend and great cacao producer, 'Don Eder.' He and the rest of the cooperative team work in Soconusco, Chiapas. This chocolate is complex and one of our favorites due to its origin.<\/p>\n<p>*Does NOT contain dairy<br \/>\n*Suitable for vegans<\/p>\n<p style=\"font-size: 12px;\">May contain traces of wheat, soy, milk, tree nuts, egg and peanuts<br \/>\nSize: 7cm x 14cm x .5cm<\/p>","protected":false},"featured_media":1044,"comment_status":"open","ping_status":"closed","template":"","meta":{"_et_pb_use_builder":"","_et_pb_old_content":"","_et_gb_content_width":"","_joinchat":[]},"product_cat":[21],"product_tag":[],"class_list":{"0":"post-543","1":"product","2":"type-product","3":"status-publish","4":"has-post-thumbnail","6":"product_cat-chocolates","8":"first","9":"instock","10":"shipping-taxable","11":"purchasable","12":"product-type-simple"},"_links":{"self":[{"href":"https:\/\/www.chocolatemetiche.com\/en\/wp-json\/wp\/v2\/product\/543","targetHints":{"allow":["GET"]}}],"collection":[{"href":"https:\/\/www.chocolatemetiche.com\/en\/wp-json\/wp\/v2\/product"}],"about":[{"href":"https:\/\/www.chocolatemetiche.com\/en\/wp-json\/wp\/v2\/types\/product"}],"replies":[{"embeddable":true,"href":"https:\/\/www.chocolatemetiche.com\/en\/wp-json\/wp\/v2\/comments?post=543"}],"wp:featuredmedia":[{"embeddable":true,"href":"https:\/\/www.chocolatemetiche.com\/en\/wp-json\/wp\/v2\/media\/1044"}],"wp:attachment":[{"href":"https:\/\/www.chocolatemetiche.com\/en\/wp-json\/wp\/v2\/media?parent=543"}],"wp:term":[{"taxonomy":"product_cat","embeddable":true,"href":"https:\/\/www.chocolatemetiche.com\/en\/wp-json\/wp\/v2\/product_cat?post=543"},{"taxonomy":"product_tag","embeddable":true,"href":"https:\/\/www.chocolatemetiche.com\/en\/wp-json\/wp\/v2\/product_tag?post=543"}],"curies":[{"name":"wp","href":"https:\/\/api.w.org\/{rel}","templated":true}]}}