{"id":549,"date":"2023-01-19T18:56:58","date_gmt":"2023-01-20T00:56:58","guid":{"rendered":"https:\/\/www.chocolatemetiche.com\/?post_type=product&#038;p=549"},"modified":"2026-01-26T10:02:53","modified_gmt":"2026-01-26T16:02:53","slug":"75-cacao-criollo","status":"publish","type":"product","link":"https:\/\/www.chocolatemetiche.com\/en\/product\/75-cacao-criollo","title":{"rendered":"75% CACAO CRIOLLO &#8220;LAS DELIAS&#8221; OR\u00cdGEN"},"content":{"rendered":"","protected":false},"excerpt":{"rendered":"<h4><strong>Chocolate Bar 70g (2.5oz)<\/strong><\/h4>\n<p><strong>Ingredients:<\/strong> Cacao, manteca de cacao, az\u00facar de ca\u00f1a.<br \/>\n<strong>Region of the bean:<\/strong> Comalcalco, Tabasco, M\u00e9xico.<br \/>\n<strong>Type of bean:<\/strong> Criollo.<\/p>\n<p>El cacao criollo es la variedad de cacao m\u00e1s escasa en M\u00e9xico, pero tambi\u00e9n es una de las m\u00e1s exquisitas.<br \/>\nEsta barra tiene sabores c\u00edtricos y muy frutales&#8230; Su color es claro y la textura es mantequillosa.<\/p>\n<p>*Does NOT contain dairy<br \/>\n*Suitable for vegans<\/p>\n<p>&nbsp;<\/p>\n<p>Chocolate premiado en los <em><strong>International Chocolate Awards M\u00e9xico 2023<\/strong><\/em> -Plata <strong>\u00a0<em>International Chocolate Awards M\u00e9xico Latin America &amp; The Caribbean<\/em><\/strong> -Bronce<\/p>\n<p style=\"font-size: 12px;\">May contain traces of wheat, soy, milk, tree nuts, egg and peanuts<br \/>\nSize: 7cm x 14cm x .5cm<\/p>","protected":false},"featured_media":1420,"comment_status":"open","ping_status":"closed","template":"","meta":{"_et_pb_use_builder":"","_et_pb_old_content":"","_et_gb_content_width":"","_joinchat":[]},"product_cat":[21],"product_tag":[],"class_list":{"0":"post-549","1":"product","2":"type-product","3":"status-publish","4":"has-post-thumbnail","6":"product_cat-chocolates","8":"first","9":"instock","10":"shipping-taxable","11":"purchasable","12":"product-type-simple"},"_links":{"self":[{"href":"https:\/\/www.chocolatemetiche.com\/en\/wp-json\/wp\/v2\/product\/549","targetHints":{"allow":["GET"]}}],"collection":[{"href":"https:\/\/www.chocolatemetiche.com\/en\/wp-json\/wp\/v2\/product"}],"about":[{"href":"https:\/\/www.chocolatemetiche.com\/en\/wp-json\/wp\/v2\/types\/product"}],"replies":[{"embeddable":true,"href":"https:\/\/www.chocolatemetiche.com\/en\/wp-json\/wp\/v2\/comments?post=549"}],"wp:featuredmedia":[{"embeddable":true,"href":"https:\/\/www.chocolatemetiche.com\/en\/wp-json\/wp\/v2\/media\/1420"}],"wp:attachment":[{"href":"https:\/\/www.chocolatemetiche.com\/en\/wp-json\/wp\/v2\/media?parent=549"}],"wp:term":[{"taxonomy":"product_cat","embeddable":true,"href":"https:\/\/www.chocolatemetiche.com\/en\/wp-json\/wp\/v2\/product_cat?post=549"},{"taxonomy":"product_tag","embeddable":true,"href":"https:\/\/www.chocolatemetiche.com\/en\/wp-json\/wp\/v2\/product_tag?post=549"}],"curies":[{"name":"wp","href":"https:\/\/api.w.org\/{rel}","templated":true}]}}